{"id":176,"date":"2024-07-08T08:30:53","date_gmt":"2024-07-08T06:30:53","guid":{"rendered":"https:\/\/marche.cultura.gov.it\/?page_id=176"},"modified":"2024-07-08T09:07:16","modified_gmt":"2024-07-08T07:07:16","slug":"amministrazione-trasparente","status":"publish","type":"page","link":"https:\/\/marche.cultura.gov.it\/?page_id=176","title":{"rendered":"Amministrazione trasparente"},"content":{"rendered":"\n<p>Il principio della trasparenza, inteso come&nbsp;<em>\u00abaccessibilit\u00e0 totale\u00bb<\/em>&nbsp;alle informazioni che riguardano l&#8217;organizzazione e l&#8217;attivit\u00e0 delle pubbliche amministrazioni, \u00e8 stato affermato con decreto legislativo 14 marzo 2013, n. 33. Obiettivo della norma \u00e8 quello di favorire un controllo diffuso da parte del cittadino sull&#8217;operato delle istituzioni e sull&#8217;utilizzo delle risorse pubbliche.<br><br>In particolare, la pubblicazione dei dati in questa sezione intende incentivare la partecipazione dei cittadini per i seguenti scopi:<br><strong><\/strong><\/p>\n\n\n\n<ul class=\"wp-block-list\">\n<li>assicurare la conoscenza dei servizi resi, le caratteristiche quantitative e qualitative, nonch\u00e9 le modalit\u00e0 di erogazione;<\/li>\n\n\n\n<li>prevenire fenomeni corruttivi e promuovere l\u2019integrit\u00e0;<\/li>\n\n\n\n<li>sottoporre al controllo diffuso ogni fase del ciclo di gestione della performance per consentirne il miglioramento.<\/li>\n<\/ul>\n\n\n\n<p><strong><br>In questa sezione sono pubblicati i dati, le informazioni e i documenti che riguardano il ministero per i beni e le attivit\u00e0 culturali, in tutte le sue articolazioni centrali e periferiche, tenuto conto delle disposizioni normative, del Programma triennale per la trasparenza e l&#8217;integrit\u00e0 2012-2014 elaborato sulle linee guida della Commissione per la valutazione, la trasparenza e l&#8217;integrit\u00e0 delle amministrazioni pubbliche (CIVIT), e dei contributi forniti da ciascun dipartimento.<br><br><\/strong>Chiunque pu\u00f2 esercitare il diritto a conoscere, usare e riutilizzare in modo gratuito i dati oggetto di pubblicazione obbligatoria (secondo i termini della licenza d&#8217;uso&nbsp;<a href=\"http:\/\/creativecommons.org\/licenses\/by\/3.0\/deed.it\">Creative Commons Attribuzione 3.0 CC BY<\/a>&nbsp;).<strong><br><\/strong><br>Le nuove norme in materia di obblighi di pubblicit\u00e0, trasparenza e diffusione di informazioni della P.A.: in G.U. il decreto sul riordino della disciplina<br>Entra in vigore il 20 aprile 2013 il decreto che si compone di numero 53 articoli ed un allegato con il quale vengono dettati i principi di trasparenza definita ai sensi dell&#8217;art. 1 del decreto in esame come accessibilit\u00e0 totale delle informazioni concernenti l&#8217;organizzazione e l&#8217;attivit\u00e0 delle pubbliche amministrazioni, allo scopo di favorire forme diffuse di controllo sul perseguimento delle funzioni istituzionali e sull&#8217;utilizzo delle risorse pubbliche che viene posta a garanzia delle libert\u00e0 individuali e collettive, nonch\u00e9 dei diritti civili, politici e sociali, integra il diritto ad una buona amministrazione e concorre alla realizzazione di un&#8217;amministrazione aperta, al servizio del cittadino.<br><em>\u00bb<\/em>&nbsp;&nbsp;<a href=\"http:\/\/www.beniculturali.it\/mibac\/multimedia\/MiBAC\/documents\/1473072243317_D.Lgs._14032013_n._33.pdf\">Decreto legislativo 14.3.2013, n. 33, pubblicato sulla Gazzetta Ufficiale n. 80 del 5.4.2013 con le modifiche apportate dal decreto legilativo 25.05.2016 n. 97<\/a><strong><\/strong><\/p>\n\n\n\n<p><a href=\"https:\/\/trasparenza.cultura.gov.it\">https:\/\/trasparenza.cultura.gov.it<\/a><\/p>\n\n\n\n<p><strong>Trasparenza e integrit\u00e0<\/strong><\/p>\n\n\n\n<p>Il Ministero per i beni e le attivit\u00e0 culturali, in attuazione delle norme introdotte in materia di trasparenza dal Decreto legislativo n. 150 del 27 ottobre 2009 e dal D.lgs 14 marzo 2013, n.33, ha adottato il Programma per la trasparenza e l\u2019integrit\u00e0 2016 &#8211; 2018&nbsp; e il Codice etico dei dipendenti del Ministero.<br>Il Programma triennale per la trasparenza e l\u2019integrit\u00e0, adottato con D.M. del 29 luglio 2014, stabilisce le linee d\u2019intervento per rendere accessibile e trasparente l\u2019azione amministrativa nei suoi aspetti di funzionamento e indica gli obiettivi di trasparenza ed integrit\u00e0.<br>Il Piano ed il Programma sono a \u201cscorrimento\u201d e specificano i termini temporali entro i quali l\u2019Amministrazione prevede il raggiungimento di ciascun obiettivo.<br>Nell\u2019ambito delle misure sull\u2019integrit\u00e0, il Codice etico &#8211; che fa parte integrante del Programma triennale &#8211; rappresenta i principi fondamentali cui si ispira il MiBAC anche in applicazione del Codice di comportamento dei pubblici dipendenti approvato con decreto del Presidente della Repubblica 16 aprile 2013, n. 62.<br>Il Ministero, con il supporto dell\u2019Organismo Indipendente di Valutazione ha indetto pi\u00f9 giornate per la trasparenza &#8211; alle quali hanno avuto accesso cittadini e stakeholders &#8211; sulle azioni e misure previste dal Programma e dal Piano della Performance, ambedue pubblicati sul sito del Ministero www.beniculturali.it, alla sezione &#8220;Trasparenza, valutazione e merito&#8221;<br>Lo stato di attuazione del programma triennale \u00e8 verificato semestralmente e le relazioni vengono pubblicate nel sito del MiBAC.<\/p>\n","protected":false},"excerpt":{"rendered":"<p>Il principio della trasparenza, inteso come&nbsp;\u00abaccessibilit\u00e0 totale\u00bb&nbsp;alle informazioni che riguardano l&#8217;organizzazione e l&#8217;attivit\u00e0 delle pubbliche amministrazioni, \u00e8 stato affermato con decreto legislativo 14 marzo 2013, n.<\/p>\n","protected":false},"author":1,"featured_media":0,"parent":0,"menu_order":0,"comment_status":"closed","ping_status":"closed","template":"","meta":{"footnotes":""},"tags":[],"class_list":["post-176","page","type-page","status-publish","hentry"],"_links":{"self":[{"href":"https:\/\/marche.cultura.gov.it\/index.php?rest_route=\/wp\/v2\/pages\/176","targetHints":{"allow":["GET"]}}],"collection":[{"href":"https:\/\/marche.cultura.gov.it\/index.php?rest_route=\/wp\/v2\/pages"}],"about":[{"href":"https:\/\/marche.cultura.gov.it\/index.php?rest_route=\/wp\/v2\/types\/page"}],"author":[{"embeddable":true,"href":"https:\/\/marche.cultura.gov.it\/index.php?rest_route=\/wp\/v2\/users\/1"}],"replies":[{"embeddable":true,"href":"https:\/\/marche.cultura.gov.it\/index.php?rest_route=%2Fwp%2Fv2%2Fcomments&post=176"}],"version-history":[{"count":2,"href":"https:\/\/marche.cultura.gov.it\/index.php?rest_route=\/wp\/v2\/pages\/176\/revisions"}],"predecessor-version":[{"id":260,"href":"https:\/\/marche.cultura.gov.it\/index.php?rest_route=\/wp\/v2\/pages\/176\/revisions\/260"}],"wp:attachment":[{"href":"https:\/\/marche.cultura.gov.it\/index.php?rest_route=%2Fwp%2Fv2%2Fmedia&parent=176"}],"wp:term":[{"taxonomy":"post_tag","embeddable":true,"href":"https:\/\/marche.cultura.gov.it\/index.php?rest_route=%2Fwp%2Fv2%2Ftags&post=176"}],"curies":[{"name":"wp","href":"https:\/\/api.w.org\/{rel}","templated":true}]}}