{"id":324,"date":"2024-07-08T10:08:57","date_gmt":"2024-07-08T08:08:57","guid":{"rendered":"https:\/\/marche.cultura.gov.it\/?page_id=324"},"modified":"2024-07-08T10:12:33","modified_gmt":"2024-07-08T08:12:33","slug":"beni-paesaggistici","status":"publish","type":"page","link":"https:\/\/marche.cultura.gov.it\/?page_id=324","title":{"rendered":"Beni paesaggistici"},"content":{"rendered":"\n<p>Il Codice dei Beni Culturali e del Paesaggio (D.lgs. 42\/2004), con il dettato dell&#8217;articolo 131, contribuisce a delineare il concetto di&nbsp;<strong>Paesaggio<\/strong>&nbsp;definendolo &#8220;<em>territorio espressivo di identit\u00e0, il cui carattere deriva dall&#8217;azione di fattori naturali, umani e dalle loro interrelazioni&#8221;<\/em>&nbsp;che costituiscono la &#8220;<em>rappresentazione materiale e visibile dell&#8217;identit\u00e0 nazionale, in quanto espressione di valori culturali<\/em>&#8220;. Ne consegue la necessit\u00e0 di tutelare il Paesaggio al fine di &#8220;<em>riconoscere, salvaguardare<\/em>&nbsp;<em>e, ove necessario, recuperare i valori culturali che esso esprime<\/em>.&#8221;<\/p>\n\n\n\n<p>\u201c<em>Il Ministero e le regioni definiscono d&#8217;intesa le politiche per la conservazione e la valorizzazione del paesaggio tenendo conto anche degli studi, delle analisi e delle proposte formulati dall&#8217;Osservatorio nazionale per la qualit\u00e0 del paesaggio, istituito con decreto del Ministro, nonch\u00e9 dagli Osservatori istituiti in ogni regione con le medesime finalit\u00e0<\/em>.\u201d (art. 133, comma 1).<\/p>\n\n\n\n<p>\u201c<em>Lo Stato e le regioni assicurano che tutto il territorio sia adeguatamente conosciuto, salvaguardato, pianificato e gestito in ragione dei differenti valori espressi dai diversi contesti che lo costituiscono. A tale fine le regioni sottopongono a specifica normativa d&#8217;uso il territorio mediante piani paesaggistici, ovvero piani urbanistico-territoriali con specifica considerazione dei valori paesaggistici, entrambi di seguito denominati: &#8220;piani paesaggistici&#8221;. L&#8217;elaborazione dei piani paesaggistici avviene congiuntamente tra Ministero e regioni, limitatamente ai beni paesaggistici di cui all&#8217;articolo 143, comma 1, lettere b), c) e d) \u201d<\/em>&nbsp;(art. 135, comma 1).<\/p>\n\n\n\n<p><em>\u201c[\u2026]i&nbsp;<strong>piani paesaggistici<\/strong>&nbsp;definiscono apposite prescrizioni e previsioni ordinate in particolare:<\/em><\/p>\n\n\n\n<p><em>a) alla conservazione degli elementi costitutivi e delle morfologie dei beni paesaggistici sottoposti a tutela, tenuto conto anche delle tipologie architettoniche, delle tecniche e dei materiali costruttivi, nonch\u00e9 delle esigenze di ripristino dei valori paesaggistici;<br>b) alla riqualificazione delle aree compromesse o degradate;<br>c) alla salvaguardia delle caratteristiche paesaggistiche degli altri ambiti territoriali, assicurando, al contempo, il minor consumo del territorio;<br>d) alla individuazione delle linee di sviluppo urbanistico ed edilizio, in funzione della loro compatibilit\u00e0 con i diversi valori paesaggistici riconosciuti e tutelati, con particolare attenzione alla salvaguardia dei paesaggi rurali e dei siti inseriti nella lista del patrimonio mondiale dell&#8217;UNESCO.\u201d&nbsp;<\/em>(art. 135, comma 4).<\/p>\n\n\n\n<p><strong>In data 8 giugno 2011, tra il Ministero per i Beni e le attivit\u00e0 culturali e la Regione Marche<\/strong>&nbsp;\u00e8 stato firmato il&nbsp;<strong>Protocollo di Intesa<\/strong>&nbsp;per l\u2019elaborazione congiunta della verifica e dell\u2019adeguamento del vigente&nbsp;<strong>Piano Paesistico Ambientale delle Marche<\/strong>&nbsp;(<a href=\"http:\/\/www.regione.marche.it\/Regione-Utile\/Paesaggio-Territorio-Urbanistica-Genio-Civile\/Paesaggio#PPAR---Piano-paesistico-ambientale-vigente\">http:\/\/www.regione.marche.it\/Regione-Utile\/Paesaggio-Territorio-Urbanistica-Genio-Civile\/Paesaggio#PPAR&#8212;Piano-paesistico-ambientale-vigente<\/a>&nbsp;) ai sensi del D. Lgs 42\/2004 artt. 143 e 156.<\/p>\n\n\n\n<p>La ex Direzione Regionale per i beni culturali e paesaggistici delle marche e poi il Segretariato Regionale del MIBAC per le Marche hanno coordinato per il Ministero la suddetta attivit\u00e0 di adeguamento del Piano paesaggistico, ancora in fase di svolgimento, che consiste&nbsp;<em>\u201cnella ricognizione del territorio oggetto di pianificazione mediante l\u2019analisi delle sue caratteristiche paesaggistiche, [\u2026] nella ricognizione degli immobili e delle aree dichiarati di notevole interesse pubblico ai sensi dell&#8217;articolo 136 e delle aree tutelate ope lege dall\u2019art. 142, loro delimitazione e rappresentazione in scala idonea alla identificazione, nonch\u00e9 determinazione di&nbsp;<s><\/s>&nbsp;specifiche prescrizioni d\u2019uso, intese ad assicurare la conservazione dei caratteri distintivi di dette aree e, compatibilmente con essi, la valorizzazione.\u201d&nbsp;<\/em>(art. 143)<\/p>\n\n\n\n<p>Ad oggi, nella Regione Marche, sono&nbsp;<strong>293 le aree dichiarate di notevole interesse pubblico<\/strong>, ai sensi dell\u2019art. 136, di cui sono state redatte le schede di identificazione, delimitazione e rappresentazione secondo le indicazioni della DG PaBAAC.<\/p>\n\n\n\n<p>Sono&nbsp;<strong>206 le aree dichiarate di interesse archeologico<\/strong>, ai sensi del Titolo I della Parte II del Codice e meritevoli di tutela paesaggistica ai sensi dell\u2019art. 142,comma 1 lettera m), per le quali sono state redatte le suddette schede di identificazione, delimitazione e rappresentazione.<\/p>\n\n\n\n<p>Per conoscere i beni paesaggistici individuati nella Regione Marche \u00e8 possibile consultare il&nbsp;<strong>web gis&nbsp;<a href=\"http:\/\/ctr.regione.marche.it\/BP\/default.aspx\" rel=\"noreferrer noopener\" target=\"_blank\">http:\/\/ctr.regione.marche.it\/BP\/default.aspx<\/a><\/strong>,&nbsp;<strong>progetto nato in collaborazione tra Ministero per i beni e le attivit\u00e0 culturali e la Regione Marche.<\/strong><\/p>\n\n\n\n<p>A seguito della ricognizione di tali beni paesaggistici, il Comitato Tecnico Scientifico interistituzionale tra Regione Marche e Ministero \u00e8 attualmente al lavoro per la definizione delle prescrizioni d\u2019uso dei suddetti beni e proceder\u00e0 successivamente all\u2019adeguamento delle Norme Tecniche di Attuazione (cio\u00e8 quelle norme che definiscono le regole, le prescrizioni, i limiti, i parametri, gli standard, le procedure di attuazione e il raccordo delle norme di settore), a quanto previsto dal Codice dei beni culturali.<\/p>\n\n\n\n<p>Tramite la&nbsp;<strong>Commissione Regionale per la tutela del paesaggio<\/strong>&nbsp;(art. 137), composta dal Segretario regionale, dal Soprintendente archeologia belle arti e paesaggio, da due responsabili preposti agli uffici regionali competenti in materia di paesaggio e da tre membri nominati dalla regione tra soggetti con qualificata, pluriennale e documentata professionalit\u00e0 ed esperienza nella tutela del paesaggio e dal rappresentante del competente comando regionale del Corpo forestale dello Stato nei casi in cui la proposta riguardi filari, alberate ed alberi monumentali, si procede in modo continuativo alla formulazione di proposte di dichiarazioni di notevole interesse pubblico, anche avviate su iniziativa di parte, al fine di tutelare le ulteriori aree di valore paesaggistico individuate.<\/p>\n\n\n\n<p>Le pi\u00f9 recenti aree dichiarate di notevole interesse pubblico sono:<\/p>\n\n\n\n<p>&#8211;\u00a0\u00a0\u00a0\u00a0\u00a0 1)\u00a0<a href=\"https:\/\/marche.cultura.gov.it\/wp-content\/uploads\/2024\/07\/Dichiarazione_interessepubblico_villacollesaraceno.pdf\" target=\"_blank\" rel=\"noreferrer noopener\">Villa Colle Sereno \u201cCensi Buffarini\u201d nel Comune di Montemarciano (AN)<\/a><\/p>\n\n\n\n<p>&#8211;\u00a0\u00a0\u00a0\u00a0\u00a0 2)\u00a0<a href=\"https:\/\/marche.cultura.gov.it\/wp-content\/uploads\/2024\/07\/Dichiarazione_interessepubblico_monte.pdf\" target=\"_blank\" rel=\"noreferrer noopener\">area denominata Monte sita nel Comune di Penna S. Giovanni (MC)<\/a><\/p>\n\n\n\n<p><strong>I beni paesaggistici tutelati sono anche consultabili tramite il SITAP<\/strong>&nbsp;<a href=\"http:\/\/www.sitap.beniculturali.it\/\" rel=\"noreferrer noopener\" target=\"_blank\">http:\/\/www.sitap.beniculturali.it\/<\/a>&nbsp;che, riguardo la Regione Marche, verr\u00e0 aggiornato alla conclusione delle attivit\u00e0 di adeguamento del Piano Paesistico ambientale regionale.<\/p>\n","protected":false},"excerpt":{"rendered":"<p>Il Codice dei Beni Culturali e del Paesaggio (D.lgs.<\/p>\n","protected":false},"author":1,"featured_media":0,"parent":0,"menu_order":0,"comment_status":"closed","ping_status":"closed","template":"","meta":{"footnotes":""},"tags":[],"class_list":["post-324","page","type-page","status-publish","hentry"],"_links":{"self":[{"href":"https:\/\/marche.cultura.gov.it\/index.php?rest_route=\/wp\/v2\/pages\/324","targetHints":{"allow":["GET"]}}],"collection":[{"href":"https:\/\/marche.cultura.gov.it\/index.php?rest_route=\/wp\/v2\/pages"}],"about":[{"href":"https:\/\/marche.cultura.gov.it\/index.php?rest_route=\/wp\/v2\/types\/page"}],"author":[{"embeddable":true,"href":"https:\/\/marche.cultura.gov.it\/index.php?rest_route=\/wp\/v2\/users\/1"}],"replies":[{"embeddable":true,"href":"https:\/\/marche.cultura.gov.it\/index.php?rest_route=%2Fwp%2Fv2%2Fcomments&post=324"}],"version-history":[{"count":2,"href":"https:\/\/marche.cultura.gov.it\/index.php?rest_route=\/wp\/v2\/pages\/324\/revisions"}],"predecessor-version":[{"id":337,"href":"https:\/\/marche.cultura.gov.it\/index.php?rest_route=\/wp\/v2\/pages\/324\/revisions\/337"}],"wp:attachment":[{"href":"https:\/\/marche.cultura.gov.it\/index.php?rest_route=%2Fwp%2Fv2%2Fmedia&parent=324"}],"wp:term":[{"taxonomy":"post_tag","embeddable":true,"href":"https:\/\/marche.cultura.gov.it\/index.php?rest_route=%2Fwp%2Fv2%2Ftags&post=324"}],"curies":[{"name":"wp","href":"https:\/\/api.w.org\/{rel}","templated":true}]}}