{"id":39,"date":"2024-06-19T08:53:14","date_gmt":"2024-06-19T06:53:14","guid":{"rendered":"http:\/\/marche.cultura.gov.it\/?page_id=39"},"modified":"2024-07-03T13:22:40","modified_gmt":"2024-07-03T11:22:40","slug":"protocolli-convenzioni-accordi","status":"publish","type":"page","link":"https:\/\/marche.cultura.gov.it\/?page_id=39","title":{"rendered":"Protocolli, convenzioni, accordi"},"content":{"rendered":"\n<h2 class=\"wp-block-heading\">Protocolli, convenzioni, accordi<\/h2>\n\n\n\n<p><strong>CONVENZIONI E PROTOCOLLI D&#8217;INTESA&nbsp;<\/strong><\/p>\n\n\n\n<ul class=\"wp-block-list\">\n<li><strong>Protocollo di intesa tra il Ministero dei Beni e delle Attivit\u00e0 Culturali e del Turismo (MiBACT) e la Regione Marche per la valorizzazione del patrimonio culturale delle aree delle Marche colpite dal sisma mediante un programma di eventi espositivi ed itinerari culturali volti alla rivitalizzazione socio-economica e turistico \u2013 culturale dei luoghi di crisi<\/strong><\/li>\n<\/ul>\n\n\n\n<p>Il MiBACT e la Regione Marche si impegnano a realizzare di concerto con i soggetti attuatori, un programma di mostre sul territorio marchigiano valorizzando le opere d\u2019arte provenienti dai musei e dalle collezioni pubbliche ed ecclesiastiche, messe nel frattempo in sicurezza presso i depositi attrezzati del MIBACT. L\u2019iniziativa \u00e8 finalizzata alla valorizzazione del patrimonio artistico e culturale dei luoghi colpiti dal sisma ed al rilancio dal punto di vista turistico ed economico degli stessi.<\/p>\n\n\n\n<p><a href=\"https:\/\/www.marche.beniculturali.it\/getFile.php?id=481\" rel=\"noreferrer noopener\" target=\"_blank\">Testo protocollo d&#8217;intesa<\/a><\/p>\n\n\n\n<ul class=\"wp-block-list\">\n<li><strong>Protocollo d&#8217;intesa per la realizzazione\u00a0nel comune di Camerino del &#8220;Centro dei beni culturali&#8221; nel compendio statale denominato &#8220;Ex casermette di Torre del Parco&#8221;<\/strong><\/li>\n<\/ul>\n\n\n\n<p>L?intesa \u00e8 finalizzata alla rifunzionalizzazione e all&#8217;adeguamento del compendio statale denominato &#8220;Ex Casermette di Torre del Parco&#8221; per realizzarvi il polo della &#8220;Centro dei Beni Culturali&#8221;, soddisfacendo le esigenze istituzionali del Comune di Camerino, dell&#8217;Universit\u00e0 degli Studi di Camerino e del Ministero dei Beni e delle Attivit\u00e0 Culturali e del Turismo, nonch\u00e9 valorizzando un territorio gi\u00e0 duramente colpito dai recenti eventi sismici.<\/p>\n\n\n\n<p>&nbsp;<a href=\"https:\/\/www.marche.beniculturali.it\/getFile.php?id=72%27Intesa\">Testo Protocollo d&#8217;intesa<\/a>&nbsp;<\/p>\n\n\n\n<ul class=\"wp-block-list\">\n<li><strong>Accordo per la valorizzazione della Chiesa di Santa Maria di Portonovo<\/strong><\/li>\n<\/ul>\n\n\n\n<p><br>Il 27 giugno 2013 il Direttore Regionale per i Beni Culturali e Paesaggistici delle Marche Lorenza Mochi Onori, il Soprintendente per i Beni Architettonici e Paesaggistici delle Marche Stefano Gizzi, il Presidente del FAI Marche Alessandra Stipa Alesiani e l\u2019Assessore alla Cultura della Regione Marche Pietro Marcolini, hanno firmato il l\u2019Accordo per la valorizzazione la fruizione, la custodia e la manutenzione ordinaria della Chiesa di Santa Maria di Portonovo che, dalla data odierna, avr\u00e0 durata fino a tutto il mese di ottobre 2014.<br>La valorizzazione, attuata in forme compatibili con la tutela e tali da non pregiudicare l\u2019integrit\u00e0 del bene, pu\u00f2 essere assicurata attraverso il coordinamento, l\u2019armonizzazione e l\u2019integrazione delle attivit\u00e0 di valorizzazione dei beni pubblici dei diversi soggetti individuati, MiBAC, Regioni e Associazioni culturali.<br>A tal fine la Direzione Regionale per i beni culturali e paesaggistici delle Marche ha provveduto a concludere il presente accordo, unitamente alla Soprintendenza per i beni architettonici e paesaggistici delle Marche che ha in consegna il bene e ne garantisce la tutela, il FAI Marche e l\u2019Assessorato alla Cultura della Regione Marche per riportare la chiesa di Santa Maria di Portonovo alla pubblica fruizione.&nbsp;<br>In base a tale accordo, la Direzione Regionale per i beni culturali e paesaggistici delle Marche e alla Soprintendenza competente spettano i compiti di collaborare nell\u2019organizzazione di itinerari didattici e nella promozione della conoscenza del monumento e di curare i lavori di restauro conservativo e di manutenzione straordinaria delle componenti architettoniche, strutturali ed impiantistiche.<br>Il FAI si impegna a garantire la pubblica accessibilit\u00e0 in giornate e orari predeterminati, la buona conservazione del monumento e lo svolgimento di visite guidate e didattiche durante i periodi di apertura.&nbsp;<br>La Regione Marche concorre al sostegno di tale iniziativa, impegnandosi ad assicurare, per il primo anno di vigenza dell\u2019accordo, apposite risorse da reperire sulla base del Programma della Cultura &#8211; annualit\u00e0 2013.<br>&nbsp;<\/p>\n\n\n\n<ul class=\"wp-block-list\">\n<li><strong>Convenzione per la salvaguardia dei beni culturali dai rischi naturali nella regione Marche.<\/strong><\/li>\n<\/ul>\n\n\n\n<p><br>La convenzione, stipulata il 1 febbraio 2007 tra il Dipartimento Nazionale di Protezione Civile, la Direzione Regionale per i Beni culturali e paesaggistici delle Marche, il Sistema Regionale di Protezione Civile e Sicurezza Locale della Regione Marche, l\u2019Associazione Legambiente ONLUS e l\u2019Associazione Legambiente Marche Volontariato, \u00e8 nata dalla \u201cnecessit\u00e0 di dare impulso alla crescita tecnico-operativa del volontariato di protezione civile specializzato nella salvaguardia dei beni culturali della regione Marche, nonch\u00e9 di accrescere le sinergie e la collaborazione tra le istituzioni e l\u2019associazionismo, garantendo la qualit\u00e0 dei risultati\u201d.<br>L\u2019intesa, prima nel suo genere in Italia, intende gettare le basi per un sistema di gestione integrato della tutela del patrimonio culturale regionale, che possa contare a livello operativo su una task force di volontari specializzati, impegnati non solo in emergenza, ma anche in attivit\u00e0 di monitoraggio, mappatura, pianificazione e prevenzione, e operanti in stretta relazione con le istituzioni.&nbsp;<\/p>\n\n\n\n<ul class=\"wp-block-list\">\n<li><strong>Convenzione tra la Direzione Regionale per i Beni culturali e paesaggistici delle Marche e l\u2019Istituto Regionale di Ricerca Educativa delle Marche (IRRE Marche).<\/strong><\/li>\n<\/ul>\n\n\n\n<p><br>Con la convenzione stipulata in data 7 febbraio 2006, la Direzione Regionale e l\u2019IRRE Marche si impegnano a collaborare per la realizzazione del progetto \u201cLa strada europea della pace da Lubecca a Roma, il percorso italiano\u201d. Tale progetto prevede l\u2019ideazione e la realizzazione di iniziative comuni di formazione e di informazione dei docenti e degli studenti sui beni culturali e paesaggistici ubicati lungo il tracciato viario della pace Lubecca \u2013 Roma. Il percorso didattico \u00e8 finalizzato \u201call\u2019apprendimento delle modalit\u00e0 di individuazione dei beni del patrimonio culturale, all\u2019acquisizione delle capacit\u00e0 di lettura critica del contesto complessivo nel quale essi si collocano e all\u2019ideazione di percorsi didattici informativi e formativi sul patrimonio culturale\u201d.<\/p>\n\n\n\n<ul class=\"wp-block-list\">\n<li><strong>Protocollo d\u2019intesa sulle procedure di verifica dell\u2019interesse culturale degli immobili di propriet\u00e0 degli enti locali<\/strong><\/li>\n<\/ul>\n\n\n\n<p>Per gli Enti pubblici:<br><a href=\"https:\/\/www.marche.beniculturali.it\/getFile.php?id=479\" rel=\"noreferrer noopener\" target=\"_blank\">D.D. 6 febbraio 2004, pubblicato nella G.U. n. 52 del 3 marzo 2004, come modificato ed integrato dal D.D. 28 febbraio 2005, pubblicato nella G.U. n. 61 del 15 marzo 2005<\/a><br><br>Per le Persone Giuridiche Private senza fine di lucro (inclusi Enti Ecclesiastici):<br><a href=\"https:\/\/www.marche.beniculturali.it\/getFile.php?id=480\" rel=\"noreferrer noopener\" target=\"_blank\">D.D. 25 gennaio 2005, pubblicato nella G.U. n. 28 del 4 febbraio 2005<\/a><\/p>\n\n\n\n<ul class=\"wp-block-list\">\n<li><a href=\"https:\/\/www.marche.beniculturali.it\/getFile.php?id=478\" target=\"_blank\" rel=\"noreferrer noopener\"><strong>Protocollo d&#8217;intesa relativa alla tutela dei beni culturali di interesse religioso appartenenti a enti e istituzioni ecclesiastiche<\/strong><\/a><\/li>\n\n\n\n<li><strong>Accordi di Programma per il settore dei beni e attivit\u00e0 culturali<\/strong><\/li>\n<\/ul>\n\n\n\n<p><strong>Siti UNESCO<\/strong><\/p>\n\n\n\n<p>Nel 1972 \u00e8 stata adottata dalla Conferenza generale degli Stati Membri dell&#8217;UNESCO la convenzione internazionale sulla protezione del patrimonio mondiale culturale e naturale. Un Comitato internazionale con sede a Parigi gestisce la lista del Patrimonio Mondiale. In questa lista vengono iscritti i beni che hanno un valore universale eccezionale dal punto di vista storico, artistico o scientifico. I singoli Stati Membri dell&#8217;UNESCO sono tenuti a presentare una lista propositiva nella quale vengono segnalati i beni che si intendono iscrivere. Ogni anno il Ministero per i Beni e le Attivit\u00e0 Culturali decide quali siti presenti nella lista propositiva debbano essere presentati al Comitato internazionale, che si riunisce una volta l&#8217;anno.<br>La Legge n.77 del 20 febbraio 2006 ha codificato le misure speciali di tutela e fruizione dei siti italiani di interesse culturale, paesaggistico e ambientale, inseriti nella lista del patrimonio mondiale, posti sotto la tutela dell&#8217;UNESCO. Presso la Direzione Regionale fanno capo tutte le pratiche riguardanti gli atti dovuti all&#8217;UNESCO dalla regione Toscana, sia per quanto riguarda le nuove proposte di inserimento nella lista mondiale sia per gli atti di tutela e fruizione da parte del Ministero per i Beni e le Attivit\u00e0 Culturali, relativi ai seguenti siti della regione Toscana iscritti nell&#8217;elenco del Patrimonio Mondiale dell&#8217;Umanit\u00e0:<br>Centro storico di Urbino (1998)<br><br>Per maggiori informazioni visita il sito ufficiale&nbsp;<a href=\"http:\/\/whc.unesco.org\/\">UNESCO<\/a>&nbsp;oppure il&nbsp;<a href=\"http:\/\/www.sitiunesco.it\/\">sito dell&#8217;Associazione Citt\u00e0 Italiane Patrimonio Mondiale UNESCO&nbsp;<\/a><\/p>\n\n\n\n<p><strong>Elenco delle associazioni culturali marchigiane che collaborano con il Segretariato regionale<\/strong><\/p>\n\n\n\n<p>Archeoclub Marche http:\/\/<a href=\"http:\/\/www.archeoclubitalia.org\/\">www.archeoclubitalia.org<\/a>&nbsp;\/<br>Associazione Dimore Storiche&nbsp;<a href=\"http:\/\/marche.adsi.it\/index.php?a\">http:\/\/marche.adsi.it\/index.php?a<\/a>&nbsp;<br>FAI Marche&nbsp;<a href=\"http:\/\/www.fondoambiente.it\/delegazione-marche.asp\">http:\/\/www.fondoambiente.it\/delegazione-marche.asp<\/a>&nbsp;<br>Italia Nostra Marche&nbsp;<a href=\"http:\/\/www.italianostra.org\/\">http:\/\/www.italianostra.org\/<\/a>&nbsp;<br>Legambiente Marche&nbsp;<a href=\"http:\/\/www.legambientemarche.org\/\">www.legambientemarche.org\/<\/a><\/p>\n","protected":false},"excerpt":{"rendered":"<p>Protocolli, convenzioni, accordi CONVENZIONI E PROTOCOLLI D&#8217;INTESA&nbsp; Il MiBACT e la Regione Marche si impegnano a realizzare di concerto con i soggetti attuatori, un programma di mostre sul territorio marchigiano valorizzando le opere d\u2019arte provenienti dai musei e dalle collezioni pubbliche ed ecclesiastiche, messe nel frattempo in sicurezza presso i depositi attrezzati del MIBACT.<\/p>\n","protected":false},"author":1,"featured_media":0,"parent":0,"menu_order":0,"comment_status":"closed","ping_status":"closed","template":"","meta":{"footnotes":""},"tags":[],"class_list":["post-39","page","type-page","status-publish","hentry"],"_links":{"self":[{"href":"https:\/\/marche.cultura.gov.it\/index.php?rest_route=\/wp\/v2\/pages\/39","targetHints":{"allow":["GET"]}}],"collection":[{"href":"https:\/\/marche.cultura.gov.it\/index.php?rest_route=\/wp\/v2\/pages"}],"about":[{"href":"https:\/\/marche.cultura.gov.it\/index.php?rest_route=\/wp\/v2\/types\/page"}],"author":[{"embeddable":true,"href":"https:\/\/marche.cultura.gov.it\/index.php?rest_route=\/wp\/v2\/users\/1"}],"replies":[{"embeddable":true,"href":"https:\/\/marche.cultura.gov.it\/index.php?rest_route=%2Fwp%2Fv2%2Fcomments&post=39"}],"version-history":[{"count":2,"href":"https:\/\/marche.cultura.gov.it\/index.php?rest_route=\/wp\/v2\/pages\/39\/revisions"}],"predecessor-version":[{"id":126,"href":"https:\/\/marche.cultura.gov.it\/index.php?rest_route=\/wp\/v2\/pages\/39\/revisions\/126"}],"wp:attachment":[{"href":"https:\/\/marche.cultura.gov.it\/index.php?rest_route=%2Fwp%2Fv2%2Fmedia&parent=39"}],"wp:term":[{"taxonomy":"post_tag","embeddable":true,"href":"https:\/\/marche.cultura.gov.it\/index.php?rest_route=%2Fwp%2Fv2%2Ftags&post=39"}],"curies":[{"name":"wp","href":"https:\/\/api.w.org\/{rel}","templated":true}]}}