{"id":49,"date":"2024-06-19T08:54:58","date_gmt":"2024-06-19T06:54:58","guid":{"rendered":"http:\/\/marche.cultura.gov.it\/?page_id=49"},"modified":"2024-07-02T23:39:35","modified_gmt":"2024-07-02T21:39:35","slug":"attivita","status":"publish","type":"page","link":"https:\/\/marche.cultura.gov.it\/?page_id=49","title":{"rendered":"Attivit\u00e0"},"content":{"rendered":"\n<p>Nell\u2019art. 3 del Codice dei Beni Culturali (d.lgs n. 42\/2004), la&nbsp;<strong>tutela<\/strong>&nbsp;consiste&nbsp;<em>nell&#8217;esercizio delle funzioni e nella disciplina delle attivit\u00e0 dirette, sulla base di un&#8217;adeguata attivit\u00e0 conoscitiva, ad individuare i beni costituenti il patrimonio culturale ed a garantirne la protezione e la conservazione per fini di pubblica fruizione.<\/em><\/p>\n\n\n\n<p>Al fine di garantire l\u2019esercizio unitario delle funzioni di tutela, ai sensi dell\u2019<a href=\"http:\/\/www.bosettiegatti.eu\/info\/norme\/statali\/costituzione.htm#118\">articolo 118 della Costituzione<\/a>, le funzioni stesse sono attribuite al Ministero per i beni e le attivit\u00e0 culturali, che le esercita direttamente o ne pu\u00f2 conferire l\u2019esercizio alle regioni, tramite forme di intesa e coordinamento. Il Ministero esercita le funzioni di tutela sui beni culturali di appartenenza statale anche se in consegna o in uso ad amministrazioni o soggetti diversi dal Ministero (art. 4).<\/p>\n\n\n\n<p><strong>La potest\u00e0 legislativa e l\u2019esercizio della tutela sono, quindi, di competenza esclusiva dello Stato, nelle regioni a statuto ordinario.<\/strong><\/p>\n\n\n\n<p>La conservazione del patrimonio culturale \u00e8 garantita mediante una coerente, coordinata e programmata attivit\u00e0 di studio, prevenzione, manutenzione e restauro. Lo Stato, le regioni, le citt\u00e0 metropolitane, le province e i comuni, cos\u00ec come gli altri soggetti pubblici, assicurano e sostengono la conservazione del patrimonio culturale e ne favoriscono la pubblica fruizione e la valorizzazione, in conformit\u00e0 alla normativa vigente.<\/p>\n\n\n\n<p>Anche i privati proprietari, possessori o detentori di beni appartenenti al patrimonio culturale, ivi compresi gli enti ecclesiastici civilmente riconosciuti, sono tenuti a garantirne la conservazione.<\/p>\n\n\n\n<p>Il restauro e gli altri interventi conservativi su beni culturali ad iniziativa del proprietario, possessore o detentore a qualsiasi titolo sono subordinati ad autorizzazione ministeriale (artt. 21, 22, 24). In sede di autorizzazione, il Soprintendente si pronuncia, a richiesta dell&#8217;interessato, sull&#8217;ammissibilit\u00e0 dell&#8217;intervento a contributi statali (previsti dagli articoli 35 e 37 del D.lgs 42\/04) e certifica eventualmente il carattere necessario dell&#8217;intervento stesso, ai fini della concessione delle agevolazioni tributarie previste dalla legge (art. 31).<\/p>\n\n\n\n<p>La<strong>&nbsp;valorizzazione del patrimonio culturale&nbsp;<\/strong>statale consiste nell\u2019esercizio delle funzioni e nella disciplina di&nbsp; tutte quelle attivit\u00e0 a cura dell\u2019Amministrazione dei Beni Culturali volte a promuovere la conoscenza del patrimonio nazionale e ad assicurare le migliori condizioni di utilizzazione e fruizione del patrimonio stesso ad ogni tipo di pubblico, al fine di incentivare lo sviluppo della cultura.<br><br>La valorizzazione&nbsp;comprende, inoltre, finalit\u00e0 educative di stretto collegamento con il patrimonio, al fine di migliorare le condizioni di conoscenza e, conseguentemente, anche di conservazione dei beni culturali e ambientali, incrementandone la fruibilit\u00e0. Anche la promozione ed il sostegno di interventi di conservazione dei beni culturali rientrano nel concetto di valorizzazione. In riferimento al paesaggio, la valorizzazione comprende altres\u00ec la riqualificazione degli immobili e delle aree sottoposti a tutela compromessi o degradati, ovvero la realizzazione di nuovi valori paesaggistici coerenti ed integrati (art. 6).<\/p>\n\n\n\n<p>La valorizzazione \u00e8 attuata in forme compatibili con la tutela e tali da non pregiudicarne le esigenze.<\/p>\n\n\n\n<p>La Repubblica favorisce e sostiene la partecipazione dei soggetti privati, singoli o associati, alla valorizzazione del patrimonio culturale.<\/p>\n\n\n\n<p><strong>Se il Codice dei beni culturali fissa i principi fondamentali in materia di valorizzazione del patrimonio culturale, sta invece alle Regioni, nel rispetto di tali principi, esercitare la propria potest\u00e0 legislativa<\/strong>; il Ministero, le regioni e gli altri enti pubblici territoriali perseguono il coordinamento, l\u2019armonizzazione e l\u2019integrazione delle attivit\u00e0 di valorizzazione dei beni pubblici.<\/p>\n","protected":false},"excerpt":{"rendered":"<p>Nell\u2019art. 3 del Codice dei Beni Culturali (d.<\/p>\n","protected":false},"author":1,"featured_media":0,"parent":0,"menu_order":0,"comment_status":"closed","ping_status":"closed","template":"","meta":{"footnotes":""},"tags":[],"class_list":["post-49","page","type-page","status-publish","hentry"],"_links":{"self":[{"href":"https:\/\/marche.cultura.gov.it\/index.php?rest_route=\/wp\/v2\/pages\/49","targetHints":{"allow":["GET"]}}],"collection":[{"href":"https:\/\/marche.cultura.gov.it\/index.php?rest_route=\/wp\/v2\/pages"}],"about":[{"href":"https:\/\/marche.cultura.gov.it\/index.php?rest_route=\/wp\/v2\/types\/page"}],"author":[{"embeddable":true,"href":"https:\/\/marche.cultura.gov.it\/index.php?rest_route=\/wp\/v2\/users\/1"}],"replies":[{"embeddable":true,"href":"https:\/\/marche.cultura.gov.it\/index.php?rest_route=%2Fwp%2Fv2%2Fcomments&post=49"}],"version-history":[{"count":2,"href":"https:\/\/marche.cultura.gov.it\/index.php?rest_route=\/wp\/v2\/pages\/49\/revisions"}],"predecessor-version":[{"id":67,"href":"https:\/\/marche.cultura.gov.it\/index.php?rest_route=\/wp\/v2\/pages\/49\/revisions\/67"}],"wp:attachment":[{"href":"https:\/\/marche.cultura.gov.it\/index.php?rest_route=%2Fwp%2Fv2%2Fmedia&parent=49"}],"wp:term":[{"taxonomy":"post_tag","embeddable":true,"href":"https:\/\/marche.cultura.gov.it\/index.php?rest_route=%2Fwp%2Fv2%2Ftags&post=49"}],"curies":[{"name":"wp","href":"https:\/\/api.w.org\/{rel}","templated":true}]}}