{"id":597,"date":"2024-07-09T08:23:20","date_gmt":"2024-07-09T06:23:20","guid":{"rendered":"https:\/\/marche.cultura.gov.it\/?page_id=597"},"modified":"2025-05-09T12:17:50","modified_gmt":"2025-05-09T10:17:50","slug":"contributi-conto-interessi","status":"publish","type":"page","link":"https:\/\/marche.cultura.gov.it\/?page_id=597","title":{"rendered":"Contributi conto interessi"},"content":{"rendered":"\n<p>I contributi in conto interessi prevedono l&#8217;erogazione da parte dello Stato di una quota degli interessi conseguenti l\u2019accensione di un mutuo o di altre forme di finanziamento per far fronte alla spesa per interventi conservativi di beni culturali debitamente autorizzati.<br>Il contributo \u00e8 concesso nella misura massima del 6% degli interessi sul capitale erogato ed \u00e8&nbsp;corrisposto dal Ministero all\u2019Istituto di credito, secondo le modalit\u00e0 prescelte da quest&#8217;ultimo.&nbsp;Per ottenere il contributo in conto interessi, il richiedente, dopo aver ottenuto il parere favorevole della competente Soprintendenza all&#8217;esecuzione degli interventi di restauro ai sensi dell&#8217;art. 21 del D.Lgs 42\/2004, prima dell&#8217;esecuzione dei lavori o durante gli stessi (e comunque&nbsp;<strong>non a lavori ultimati<\/strong>), dovr\u00e0 inviare alla Soprintendenza competente la richiesta di ammissibilit\u00e0, corredata da idonea documentazione.<br>Il richiedente \u00e8 tenuto a comunicare tempestivamente ogni variazione del finanziamento&nbsp;al Segretariato&nbsp;regionale, il quale verificher\u00e0 la permanenza dei requisiti per l&#8217;erogazione degli importi non ancora scaduti.&nbsp;Il contributo di cui al comma 1 pu\u00f2 essere concesso anche per interventi conservativi su opere di architettura contemporanea di cui il Ministero abbia riconosciuto, su richiesta del proprietario, il particolare valore artistico.<br>(<a href=\"http:\/\/www.bosettiegatti.eu\/info\/norme\/statali\/2004_0042.htm#P.02.01.03.02\">art. 37 d.lgs n.42\/2004 Codice dei beni culturali<\/a>&nbsp;e del paesaggio)<\/p>\n\n\n\n<p>Il privato che riceve il contributo descritto \u00e8 obbligato a rendere accessibili al pubblico i beni restaurati (<a href=\"http:\/\/www.beniculturalicalabria.it\/echoweb\/echofiles\/allegati\/Art%2038.pdf\">articolo 38<\/a>&nbsp;del Codice dei beni culturali e del paesaggio) e a questo fine il Segretariato Regionale stipula accordi e convenzioni con i proprietari di beni culturali oggetto di interventi conservativi, per stabilire le modalit\u00e0 per l&#8217;accesso ai beni medesimi da parte del pubblico.&nbsp;<\/p>\n\n\n\n<p><strong>Mentre nel 2012 era stata sospesa la concessione di contributi di cui agli artt 35 e 37 del d.lgs n. 42\/2004, ai sensi della legge n. 205 del 27\/12\/2017 (Legge di bilancio 2018), art. 1, comma 314, a decorrere dal 1\u00b0 gennaio 2019, i contributi previsti dall&#8217;articolo 35 del codice di cui al decreto legislativo 22 gennaio 2004, n. 42 torneranno ad essere erogati e sono concessi nel limite massimo di 10 milioni di euro per l&#8217;anno 2019 e di 20 milioni di euro annui a decorrere dall&#8217;anno 2020.<\/strong><\/p>\n\n\n\n<p><a href=\"https:\/\/marche.cultura.gov.it\/wp-content\/uploads\/2024\/07\/Contr.-C.I.-pagati-nel-2015-r.031.pdf\" target=\"_blank\" rel=\"noreferrer noopener\">CONTRIBUTI EROGATI NEL 2015<\/a><\/p>\n\n\n\n<p><a href=\"https:\/\/marche.cultura.gov.it\/wp-content\/uploads\/2024\/07\/Contributi-C-Int-Pagati-anno-2016.pdf\" target=\"_blank\" rel=\"noreferrer noopener\">CONTRIBUTI EROGATI NEL 2016<\/a><\/p>\n\n\n\n<p><a href=\"https:\/\/marche.cultura.gov.it\/wp-content\/uploads\/2024\/07\/2017-contributi-conto-interessi-pagameti-pubblicazione-1.pdf\" target=\"_blank\" rel=\"noreferrer noopener\">CONTRIBUTI EROGATI NEL 2017<\/a><\/p>\n\n\n\n<p><a href=\"https:\/\/marche.cultura.gov.it\/wp-content\/uploads\/2024\/07\/Contributi-C.-Int.-Pagati-anno-2018.xlsx\" target=\"_blank\" rel=\"noreferrer noopener\">CONTRIBUTI EROGATI NEL 2018<\/a><\/p>\n\n\n\n<p><a href=\"https:\/\/marche.cultura.gov.it\/wp-content\/uploads\/2024\/07\/2019_Contributi-C.-Int.-Pagati-anno-2019.xlsx\" target=\"_blank\" rel=\"noreferrer noopener\">CONTRIBUTI EROGATI NEL 2019<\/a><\/p>\n\n\n\n<p><a href=\"https:\/\/marche.cultura.gov.it\/wp-content\/uploads\/2024\/07\/2020_contributi-C.-Interessi_pagati-anno-2020.xlsx\" target=\"_blank\" rel=\"noreferrer noopener\">CONTRIBUTI EROGATI NEL 2020<\/a><\/p>\n\n\n\n<p><a href=\"https:\/\/marche.cultura.gov.it\/wp-content\/uploads\/2024\/07\/2021_contributi-C.-Interessi_pagati-anno-2021.xlsx\" target=\"_blank\" rel=\"noreferrer noopener\">CONTRIBUTI EROGATI NEL 2021<\/a><\/p>\n\n\n\n<p><a href=\"https:\/\/marche.cultura.gov.it\/wp-content\/uploads\/2024\/07\/2021_contributi-C.-Interessi_pagati-anno-2021.xlsx\" data-type=\"link\" data-id=\"https:\/\/marche.cultura.gov.it\/wp-content\/uploads\/2024\/07\/2021_contributi-C.-Interessi_pagati-anno-2021.xlsx\">CONTRIBUTI EROGATI NEL 2022<\/a><\/p>\n\n\n\n<p><a href=\"https:\/\/marche.cultura.gov.it\/wp-content\/uploads\/2024\/07\/2023_contributi-conto-int.-pagati-anno-2023.xlsx\" target=\"_blank\" rel=\"noreferrer noopener\">CONTRIBUTI EROGATI NEL 2023<\/a><\/p>\n\n\n\n<p><a href=\"https:\/\/marche.cultura.gov.it\/wp-content\/uploads\/2025\/05\/2024_contributi-conto-int.-pagati-anno-2024.xlsx\">CONTRIBUTI EROGATI NEL 2024<\/a><\/p>\n","protected":false},"excerpt":{"rendered":"<p>I contributi in conto interessi prevedono l&#8217;erogazione da parte dello Stato di una quota degli interessi conseguenti l\u2019accensione di un mutuo o di altre forme di finanziamento per far fronte alla spesa per interventi conservativi di beni culturali debitamente autorizzati.<\/p>\n","protected":false},"author":1,"featured_media":0,"parent":0,"menu_order":0,"comment_status":"closed","ping_status":"closed","template":"","meta":{"footnotes":""},"tags":[],"class_list":["post-597","page","type-page","status-publish","hentry"],"_links":{"self":[{"href":"https:\/\/marche.cultura.gov.it\/index.php?rest_route=\/wp\/v2\/pages\/597","targetHints":{"allow":["GET"]}}],"collection":[{"href":"https:\/\/marche.cultura.gov.it\/index.php?rest_route=\/wp\/v2\/pages"}],"about":[{"href":"https:\/\/marche.cultura.gov.it\/index.php?rest_route=\/wp\/v2\/types\/page"}],"author":[{"embeddable":true,"href":"https:\/\/marche.cultura.gov.it\/index.php?rest_route=\/wp\/v2\/users\/1"}],"replies":[{"embeddable":true,"href":"https:\/\/marche.cultura.gov.it\/index.php?rest_route=%2Fwp%2Fv2%2Fcomments&post=597"}],"version-history":[{"count":6,"href":"https:\/\/marche.cultura.gov.it\/index.php?rest_route=\/wp\/v2\/pages\/597\/revisions"}],"predecessor-version":[{"id":1548,"href":"https:\/\/marche.cultura.gov.it\/index.php?rest_route=\/wp\/v2\/pages\/597\/revisions\/1548"}],"wp:attachment":[{"href":"https:\/\/marche.cultura.gov.it\/index.php?rest_route=%2Fwp%2Fv2%2Fmedia&parent=597"}],"wp:term":[{"taxonomy":"post_tag","embeddable":true,"href":"https:\/\/marche.cultura.gov.it\/index.php?rest_route=%2Fwp%2Fv2%2Ftags&post=597"}],"curies":[{"name":"wp","href":"https:\/\/api.w.org\/{rel}","templated":true}]}}