{"id":65,"date":"2024-07-02T23:38:42","date_gmt":"2024-07-02T21:38:42","guid":{"rendered":"https:\/\/marche.cultura.gov.it\/?page_id=65"},"modified":"2024-07-02T23:38:42","modified_gmt":"2024-07-02T21:38:42","slug":"tutela","status":"publish","type":"page","link":"https:\/\/marche.cultura.gov.it\/?page_id=65","title":{"rendered":"Tutela"},"content":{"rendered":"\n<p>Nell\u2019art. 3 del Codice dei Beni Culturali, la tutela consiste&nbsp;<em>nell&#8217;esercizio delle funzioni e nella disciplina delle attivit\u00e0 dirette, sulla base di un&#8217;adeguata attivit\u00e0 conoscitiva, ad individuare i beni costituenti il patrimonio culturale ed a garantirne la protezione e la conservazione per fini di pubblica fruizione.<\/em><\/p>\n\n\n\n<p><em><\/em>La&nbsp;<strong><em>Commissione regionale per il patrimonio culturale,&nbsp;<\/em><\/strong>istituita con dpcm n.171\/2014,&nbsp;<a href=\"http:\/\/www.gazzettaufficiale.it\/eli\/id\/2014\/11\/25\/14G00183\/sg%20\"><em>art. 39<\/em><\/a><strong><em>,&nbsp;<\/em><\/strong>presieduta e convocata dal segretario regionale,&nbsp;<strong>coordina e&nbsp;&nbsp; armonizza l&#8217;attivit\u00e0 di tutela e di valorizzazione sul territorio regionale, adottando alcuni importanti provvedimenti di tutela<\/strong>:&nbsp;<\/p>\n\n\n\n<p><strong>&#8211; Verifica di interesse culturale&nbsp;<\/strong>(<em>La Commissione regionale per il patrimonio culturale verifica la&nbsp; sussistenza&nbsp; dell&#8217;interesse&nbsp; culturale&nbsp; nei&nbsp; beni appartenenti a soggetti pubblici e a persone giuridiche private senza fine di lucro, ai sensi dell&#8217;articolo 12 del Codice dei beni culturali<\/em>);<br><a href=\"http:\/\/www.bosettiegatti.eu\/info\/norme\/statali\/2004_0042.htm#P.02.01.01\">L\u2019articolo 12<\/a>&nbsp;del Codice dei beni culturali, d.lgs n. 42 del 2004,&nbsp;prevede che tutti i beni immobili e mobili appartenenti allo Stato, alle regioni, agli enti pubblici ed alle persone giuridiche private senza fine di lucro, ivi compresi gli enti ecclesiastici civilmente riconosciuti, opera di autore non pi\u00f9 vivente e la cui esecuzione risalga ad oltre cinquant&#8217;anni, se mobili, o ad oltre settanta, se immobili, siano sottoposti alla verifica della sussistenza dell&#8217;interesse artistico, storico, archeologico o etnoantropologico.Tale verifica si svolge secondo una procedura che prevede l\u2019invio, da parte dell\u2019ente proprietario, dei dati identificativi e descrittivi dei beni, ai fini della valutazione di merito da parte dei competenti uffici del Ministero dei beni e delle attivit\u00e0 culturali.<br>In attesa della verifica, tali cose sono in via provvisoria soggette alla disciplina di tutela prevista dal Codice die beni culturali. L&#8217;esito della verifica &#8211; che \u00e8 promossa d&#8217;ufficio o su richiesta del soggetto proprietario &#8211; se positivo, comporta la definitiva sottoposizione del bene alla disciplina della tutela, se negativo, la fuoriuscita da detta disciplina.<br>L\u2019inoltro dell\u2019istanza e della relativa documentazione cartacea sono preceduti dall\u2019inserimento dei dati necessari nel sistema informatico del Ministero (<a href=\"http:\/\/www.benitutelati.it\/\">www.benitutelati.it<\/a>), al fine di snellire il procedimento e consentire la formazione di una banca dati nazionale e per il quale si suggerisce di consultare il realtivo&nbsp;<a href=\"http:\/\/www.benitutelati.it\/moduli\/Guida_introduttiva_al_sistema_informativo.pdf\">manuale&nbsp;<\/a>di utilizzo.<br><strong>Nota bene: a seguito dell&#8217;inserimento dei dati sulla piattaforma \u00e8 necessario inviare al Segretariato regionale il modulo di richiesta di verifica dell&#8217;interesse culturale generato dalla stessa piattaforma e corredato della relativa scheda dell&#8217;immobile.<br>La suddetta documentazione pu\u00f2 essere inviata via PEC al seguente indirizzo sr-mar@pec.cultura.gov.it<\/strong><\/p>\n\n\n\n<p>I beni oggetto di tutela sono inoltre consultabili sul portale&nbsp;<a href=\"http:\/\/vincoliinrete.beniculturali.it\/VincoliInRete\/vir\/utente\/login\">http:\/\/vincoliinrete.beniculturali.it\/VincoliInRete\/vir\/utente\/login<\/a>&nbsp;<br><strong><a href=\"https:\/\/www.marche.beniculturali.it\/getFile.php?id=84\">Per un approfondimento, Codice dei beni culturali, d.lgs n.42\/2004&nbsp;art.12<\/a>&nbsp;e&nbsp;<a href=\"https:\/\/www.marche.beniculturali.it\/getFile.php?id=93%27interesse%20culturale%20del%20patrimonio%20immobiliare%20pubblico\">verifica di interesse culturale&nbsp;<\/a><\/strong><\/p>\n\n\n\n<p><strong>&#8211; Dichiarazione di interesse culturale&nbsp;<\/strong>(<em>La Commissione regionale per il patrimonio culturale dichiara,&nbsp; su&nbsp; proposta&nbsp; delle&nbsp; competenti&nbsp; Soprintendenze&nbsp; di settore, l&#8217;interesse culturale delle cose, a&nbsp; chiunque&nbsp; appartenenti, ai sensi dell&#8217;articolo 13 del Codice dei beni culturali<\/em>);<\/p>\n\n\n\n<p>L&#8217;attuale D. Lgs. 42\/2004 utilizza la dizione &#8220;dichiarazione di interesse culturale&#8221; per definire la procedura atta a riconoscere, dal punto di vista legislativo e fiscale, la valenza storico culturale di un determinato bene sia mobile che immobile e quindi da sottoporre alle adeguate prescrizioni di tutela. Infatti, \u00e8 fatto obbligo di conservazione per i beni culturali, i quali non possono essere demoliti o modificati n\u00e9 adibiti ad usi non compatibili con il loro carattere storico od artistico senza l&#8217;autorizzazione del Ministero. Nello specifico, la realizzazione di interventi su beni sottoposti al vincolo \u00e8 sempre subordinata al preventivo rilascio di apposita autorizzazione da parte della competente Soprintendenza territoriale.<\/p>\n\n\n\n<p>Il decreto con il quale si appone il vincolo, pertanto, oltre a riconoscere il particolare interesse culturale insito nel bene, ha una sua fondamentale incidenza sul regime giuridico del bene oggetto del provvedimento medesimo, che prima di tale momento \u00e8 assoggettato alla ordinaria disciplina della propriet\u00e0 privata prevista dal codice civile e dalle altre leggi vigenti in materia.<\/p>\n\n\n\n<p>Il vincolo di tutela riguarda, nel caso dell\u2019art. 13 del codice dei beni culturali, beni appartenenti ai privati, che rimangono sottoposti a tutela anche qualora i soggetti cui essi appartengono mutino in qualunque modo la loro natura giuridica.<\/p>\n\n\n\n<p><strong>&#8211; Dichiarazione di notevole interesse pubblico&nbsp;<\/strong>(<em>La Commissione regionale per il patrimonio culturale &nbsp;adotta, su proposta del soprintendente e previo&nbsp; parere&nbsp; della Regione, ai sensi dell&#8217;articolo 138 del Codice, la&nbsp; dichiarazione&nbsp; di notevole interesse pubblico relativamente ai beni &nbsp;paesaggistici,&nbsp; ai sensi dell&#8217;articolo&nbsp;<\/em><a href=\"http:\/\/www.bosettiegatti.eu\/info\/norme\/statali\/2004_0042.htm#P.02.01.01\"><em>141 del Codice dei beni culturali<\/em><\/a><em>);&nbsp;<\/em><\/p>\n\n\n\n<p><strong>Il processo di verifica o di dichiarazione si articola quindi in tre linee procedimentali a seconda del soggetto interessato dal vincolo o dalla tipologia di bene oggetto di valutazione, finalizzata alla apposizione del vincolo di tutela.<br>Se la fase istruttoria di accertamento dell&#8217;interesse culturale \u00e8 peculiarit\u00e0 della Soprintendenza, il provvedimento finale (decreto o comunicazione di parere negativo) \u00e8 adottato dalla Commissione regionale con firma del Segretario regionale, che la presiede, e viene trasmesso alla Soprintendenza, che provvede alla notifica dello stesso agli interessati e alla trascrizione presso i registri della Conservatoria.<\/strong><\/p>\n\n\n\n<p><strong>&#8211; Prescrizioni di tutela indiretta&nbsp;<\/strong><a href=\"http:\/\/www.bosettiegatti.eu\/info\/norme\/statali\/2004_0042.htm#P.02.01.01\">(ai sensi dell&#8217;articolo 45 del Codice dei beni culturali);<\/a><\/p>\n\n\n\n<p>&#8211;&nbsp;<strong>Autorizzazioni agli interventi di demolizione, rimozione definitiva, nonch\u00e9 di smembramento di collezioni, serie e raccolte<\/strong>;<\/p>\n\n\n\n<p><strong>&#8211; Autorizzazioni, su proposta del soprintendente, di alienazioni, permute, costituzioni di ipoteca e di pegno e di ogni altro&nbsp; negozio giuridico che comporta il trasferimento&nbsp; a&nbsp; titolo&nbsp; oneroso&nbsp; di&nbsp; beni culturali<\/strong>.<\/p>\n\n\n\n<p><strong>&#8211; Autorizzazioni alla concessione d&#8217;uso o locazione di beni immobili pubblici di interesse culturale a soggetti pubblici o privati per finalit\u00e0 di valorizzazione e utilizzazione, anche a fini economici<\/strong>. (art. 57bis del Codice dei beni culturali d.lgs n. 42\/2004<em>)<\/em><\/p>\n\n\n\n<p>Per un approfondimento&nbsp;<strong><a href=\"https:\/\/www.marche.beniculturali.it\/getFile.php?id=85\">CODICE DEI BENI CULTURALI D.LGS. N.42\/2001<\/a><\/strong><\/p>\n\n\n\n<h4 class=\"wp-block-heading\"><strong>RELAZIONI TRIMESTRALI ATTIVITA&#8217; DI TUTELA SVOLTA DALLA COMMISSIONE REGIONALE<br>PER IL PATRIMONIO CULTURALE&nbsp;<\/strong><\/h4>\n\n\n\n<p>&#8211; art. 32, comma 2, lettera b) del D.P.C.M. 29\/08\/2014 N.&nbsp;171<\/p>\n","protected":false},"excerpt":{"rendered":"<p>Nell\u2019art. 3 del Codice dei Beni Culturali, la tutela consiste&nbsp;nell&#8217;esercizio delle funzioni e nella disciplina delle attivit\u00e0 dirette, sulla base di un&#8217;adeguata attivit\u00e0 conoscitiva, ad individuare i beni costituenti il patrimonio culturale ed a garantirne la protezione e la conservazione per fini di pubblica fruizione.<\/p>\n","protected":false},"author":1,"featured_media":0,"parent":0,"menu_order":0,"comment_status":"closed","ping_status":"closed","template":"","meta":{"footnotes":""},"tags":[],"class_list":["post-65","page","type-page","status-publish","hentry"],"_links":{"self":[{"href":"https:\/\/marche.cultura.gov.it\/index.php?rest_route=\/wp\/v2\/pages\/65","targetHints":{"allow":["GET"]}}],"collection":[{"href":"https:\/\/marche.cultura.gov.it\/index.php?rest_route=\/wp\/v2\/pages"}],"about":[{"href":"https:\/\/marche.cultura.gov.it\/index.php?rest_route=\/wp\/v2\/types\/page"}],"author":[{"embeddable":true,"href":"https:\/\/marche.cultura.gov.it\/index.php?rest_route=\/wp\/v2\/users\/1"}],"replies":[{"embeddable":true,"href":"https:\/\/marche.cultura.gov.it\/index.php?rest_route=%2Fwp%2Fv2%2Fcomments&post=65"}],"version-history":[{"count":1,"href":"https:\/\/marche.cultura.gov.it\/index.php?rest_route=\/wp\/v2\/pages\/65\/revisions"}],"predecessor-version":[{"id":66,"href":"https:\/\/marche.cultura.gov.it\/index.php?rest_route=\/wp\/v2\/pages\/65\/revisions\/66"}],"wp:attachment":[{"href":"https:\/\/marche.cultura.gov.it\/index.php?rest_route=%2Fwp%2Fv2%2Fmedia&parent=65"}],"wp:term":[{"taxonomy":"post_tag","embeddable":true,"href":"https:\/\/marche.cultura.gov.it\/index.php?rest_route=%2Fwp%2Fv2%2Ftags&post=65"}],"curies":[{"name":"wp","href":"https:\/\/api.w.org\/{rel}","templated":true}]}}